{"id":10,"date":"2026-04-18T10:19:09","date_gmt":"2026-04-18T08:19:09","guid":{"rendered":"http:\/\/localhost\/servinet-wp\/servicios\/"},"modified":"2026-04-21T21:25:13","modified_gmt":"2026-04-21T19:25:13","slug":"servicios","status":"publish","type":"page","link":"https:\/\/servinetdelvalles.es\/ca\/serveis\/","title":{"rendered":"Serveis"},"content":{"rendered":"<p><\/p>\n<p class=\"p1\">En\u00a0Servinet\u00a0del Vall\u00e9s S.L. oferim serveis professionals de neteja adaptats a tota mena d&#8217;espais. Treballem en ind\u00fastries, oficines, p\u00e0rquings i neteja de cristalls, aplicant m\u00e8todes efica\u00e7os, personal qualificat i un sistema de treball rigor\u00f3s que garanteix resultats visibles i duradors. Ens adaptem a cada entorn i necessitat, assegurant sempre un servei de qualitat, asseguran\u00e7a i fiable.<\/p>\n<p><\/p>","protected":false},"excerpt":{"rendered":"<p>En\u00a0Servinet\u00a0del Vall\u00e9s S.L. oferim serveis professionals de neteja adaptats a tota mena d&#8217;espais. Treballem en ind\u00fastries, oficines, p\u00e0rquings i neteja de cristalls, aplicant m\u00e8todes efica\u00e7os, personal qualificat i un sistema de treball rigor\u00f3s que garanteix resultats visibles i duradors. Ens adaptem a cada entorn i necessitat, assegurant sempre un servei de qualitat, asseguran\u00e7a i fiable.<\/p>\n","protected":false},"author":1,"featured_media":172,"parent":0,"menu_order":4,"comment_status":"closed","ping_status":"closed","template":"","meta":{"_acf_changed":false,"inline_featured_image":false,"footnotes":""},"class_list":["post-10","page","type-page","status-publish","has-post-thumbnail","hentry"],"acf":[],"_links":{"self":[{"href":"https:\/\/servinetdelvalles.es\/ca\/wp-json\/wp\/v2\/pages\/10","targetHints":{"allow":["GET"]}}],"collection":[{"href":"https:\/\/servinetdelvalles.es\/ca\/wp-json\/wp\/v2\/pages"}],"about":[{"href":"https:\/\/servinetdelvalles.es\/ca\/wp-json\/wp\/v2\/types\/page"}],"author":[{"embeddable":true,"href":"https:\/\/servinetdelvalles.es\/ca\/wp-json\/wp\/v2\/users\/1"}],"replies":[{"embeddable":true,"href":"https:\/\/servinetdelvalles.es\/ca\/wp-json\/wp\/v2\/comments?post=10"}],"version-history":[{"count":2,"href":"https:\/\/servinetdelvalles.es\/ca\/wp-json\/wp\/v2\/pages\/10\/revisions"}],"predecessor-version":[{"id":287,"href":"https:\/\/servinetdelvalles.es\/ca\/wp-json\/wp\/v2\/pages\/10\/revisions\/287"}],"wp:featuredmedia":[{"embeddable":true,"href":"https:\/\/servinetdelvalles.es\/ca\/wp-json\/wp\/v2\/media\/172"}],"wp:attachment":[{"href":"https:\/\/servinetdelvalles.es\/ca\/wp-json\/wp\/v2\/media?parent=10"}],"curies":[{"name":"wp","href":"https:\/\/api.w.org\/{rel}","templated":true}]}}