{"id":19,"date":"2026-04-18T10:19:09","date_gmt":"2026-04-18T08:19:09","guid":{"rendered":"http:\/\/localhost\/servinet-wp\/contacta\/"},"modified":"2026-04-28T08:59:12","modified_gmt":"2026-04-28T06:59:12","slug":"contacta","status":"publish","type":"page","link":"https:\/\/servinetdelvalles.es\/ca\/contacta\/","title":{"rendered":"Contacta"},"content":{"rendered":"\r\n\n<section class=\"c-contact-form e-form\">\n    <div class=\"container\">\n        <div class=\"c-contact-form__inner\">\n\n            <div class=\"c-contact-form__intro w-60-l pr5-l mb5 \">\n                <p>\n                    Omple els camps seg\u00fcents i et respondrem en el menor temps possible.                <\/p>\n            <\/div>\n\n            <form class=\"c-contact-form__form\" action=\"#\" method=\"post\">\n\n                <div class=\"c-contact-form__grid\">\n\n                    <div class=\"c-contact-form__field\">\n                        <label for=\"company_name\" class=\"c-contact-form__label\">\n                            Nom de l'empresa*\n                        <\/label>\n                        <input required id=\"company_name\" name=\"company_name\" type=\"text\" class=\"c-contact-form__input\">\n                    <\/div>\n\n                    <div class=\"c-contact-form__field\">\n                        <label for=\"contact_person\" class=\"c-contact-form__label\">\n                            Persona de contacte*\n                        <\/label>\n                        <input required id=\"contact_person\" name=\"contact_person\" type=\"text\" class=\"c-contact-form__input\">\n                    <\/div>\n\n                    <div class=\"c-contact-form__field\">\n                        <label for=\"phone_person\" class=\"c-contact-form__label\">\n                            Tel\u00e8fon*\n                        <\/label>\n                        <input required id=\"phone\" name=\"phone_person\" type=\"tel\" class=\"c-contact-form__input\">\n                    <\/div>\n\n                    <div class=\"c-contact-form__field\">\n                        <label for=\"email_person\" class=\"c-contact-form__label\">\n                            E-mail*\n                        <\/label>\n                        <input required id=\"email_person\" name=\"email_secure\" type=\"email\" class=\"c-contact-form__input\">\n                    <\/div>\n\n                    <div class=\"c-contact-form__field\">\n                        <label for=\"address\" class=\"c-contact-form__label\">\n                            Adre\u00e7a                        <\/label>\n                        <input id=\"address\" name=\"address\" type=\"text\" class=\"c-contact-form__input\">\n                    <\/div>\n\n                    <div class=\"c-contact-form__field\">\n                        <label for=\"city\" class=\"c-contact-form__label\">\n                            Poblaci\u00f3*\n                        <\/label>\n                        <input required id=\"city\" name=\"city\" type=\"text\" class=\"c-contact-form__input\">\n                    <\/div>\n\n                    <div class=\"c-contact-form__field\">\n                        <label for=\"postal_code\" class=\"c-contact-form__label\">\n                            Codi postal*\n                        <\/label>\n                        <input required id=\"postal_code\" name=\"postal_code\" type=\"text\" class=\"c-contact-form__input\">\n                    <\/div>\n\n                    <div class=\"c-contact-form__field\">\n                        <label for=\"province\" class=\"c-contact-form__label\">\n                            Prov\u00edncia*\n                        <\/label>\n                        <input required id=\"province\" name=\"province\" type=\"text\" class=\"c-contact-form__input\">\n                    <\/div>\n\n                    <div class=\"c-contact-form__field\">\n                        <label for=\"service_required\" class=\"c-contact-form__label\">\n                            Servei requerit                        <\/label>\n                        <input id=\"service_required\" name=\"service_required\" type=\"text\" class=\"c-contact-form__input\">\n                    <\/div>\n\n                    <div class=\"c-contact-form__field\">\n                        <label for=\"installation_type\" class=\"c-contact-form__label\">\n                            Tipus d'instal\u00b7laci\u00f3                        <\/label>\n                        <input id=\"installation_type\" name=\"installation_type\" type=\"text\" class=\"c-contact-form__input\">\n                    <\/div>\n\n                <\/div>\n\n                <div class=\"c-contact-form__checks\">\n\n                    <label class=\"c-contact-form__check\">\n                        <input required type=\"checkbox\" name=\"legal\" class=\"c-contact-form__checkbox\">\n                        <span class=\"c-contact-form__check-box\"><\/span>\n                        <span class=\"c-contact-form__check-text\">\n                            He llegit i accepto les <a href=\"https:\/\/servinetdelvalles.es\/ca\/politica-de-privacitat\/\" target=\"_blank\">condicions d\u2019\u00fas contingudes a la pol\u00edtica de privacitat<\/a> sobre el tractament de les meves dades per gestionar la meva consulta o petici\u00f3.*\n                        <\/span>\n                    <\/label>\n\n                    <label class=\"c-contact-form__check\">\n                        <input type=\"checkbox\" name=\"commercial_info\"  class=\"c-contact-form__checkbox\">\n                        <span class=\"c-contact-form__check-box\"><\/span>\n                        <span class=\"c-contact-form__check-text\">\n                            Desitjo rebre informaci\u00f3 comercial sobre els productes, serveis i novetats de SERVINET DEL VALL\u00c8S, S.L.                        <\/span>\n                    <\/label>\n\n                <\/div>\n<input type=\"hidden\" name=\"form_type\" value=\"contact\">\n<input type=\"hidden\" name=\"utmurl\" value=\"https:\/\/servinetdelvalles.es\/ca\/wp-json\/wp\/v2\/pages\/19\">\n<input type=\"hidden\" name=\"preleadid\" value=\"yaseK2qP\"><label class=\"ohnohoney\" for=\"name\"><\/label>\n<input class=\"ohnohoney\" value=\"\" autocomplete=\"nope\" type=\"text\" id=\"name\" name=\"name\" placeholder=\"Your name here\">\n<label class=\"ohnohoney\" for=\"email\"><\/label>\n<input class=\"ohnohoney\" value=\"\" autocomplete=\"nope\" type=\"email\" id=\"email\" name=\"email\" placeholder=\"Your e-mail here\">\n\n                <div class=\"c-contact-form__actions\">\n                    <button id=\"servinet_sub\" disabled type=\"submit\" class=\"js-enable-submit e-btn c-contact-form__submit\">\n                        Enviar                    <\/button>\n                <\/div>\n\n            <\/form>\n\n            <div class=\"c-contact-form__legal\">\n                <p>\n                    SERVINET DEL VALL\u00c8S, S.L. com a responsable del tractament tractar\u00e0 les teves dades amb la finalitat de donar resposta a la teva consulta o petici\u00f3. Pots accedir, rectificar i suprimir les teves dades, aix\u00ed com exercir altres drets consultant la informaci\u00f3 addicional i detallada sobre protecci\u00f3 de dades a la nostra                    <a href=\"https:\/\/servinetdelvalles.es\/ca\/politica-de-privacitat\/\">Pol\u00edtica de Privacitat<\/a>.\n                <\/p>\n            <\/div>\n\n        <\/div>\n    <\/div>\n<\/section>\n\n\r\n","protected":false},"excerpt":{"rendered":"","protected":false},"author":1,"featured_media":155,"parent":0,"menu_order":12,"comment_status":"closed","ping_status":"closed","template":"","meta":{"_acf_changed":false,"inline_featured_image":false,"footnotes":""},"class_list":["post-19","page","type-page","status-publish","has-post-thumbnail","hentry"],"acf":[],"_links":{"self":[{"href":"https:\/\/servinetdelvalles.es\/ca\/wp-json\/wp\/v2\/pages\/19","targetHints":{"allow":["GET"]}}],"collection":[{"href":"https:\/\/servinetdelvalles.es\/ca\/wp-json\/wp\/v2\/pages"}],"about":[{"href":"https:\/\/servinetdelvalles.es\/ca\/wp-json\/wp\/v2\/types\/page"}],"author":[{"embeddable":true,"href":"https:\/\/servinetdelvalles.es\/ca\/wp-json\/wp\/v2\/users\/1"}],"replies":[{"embeddable":true,"href":"https:\/\/servinetdelvalles.es\/ca\/wp-json\/wp\/v2\/comments?post=19"}],"version-history":[{"count":15,"href":"https:\/\/servinetdelvalles.es\/ca\/wp-json\/wp\/v2\/pages\/19\/revisions"}],"predecessor-version":[{"id":308,"href":"https:\/\/servinetdelvalles.es\/ca\/wp-json\/wp\/v2\/pages\/19\/revisions\/308"}],"wp:featuredmedia":[{"embeddable":true,"href":"https:\/\/servinetdelvalles.es\/ca\/wp-json\/wp\/v2\/media\/155"}],"wp:attachment":[{"href":"https:\/\/servinetdelvalles.es\/ca\/wp-json\/wp\/v2\/media?parent=19"}],"curies":[{"name":"wp","href":"https:\/\/api.w.org\/{rel}","templated":true}]}}