{"id":48,"date":"2026-04-18T10:19:28","date_gmt":"2026-04-18T08:19:28","guid":{"rendered":"http:\/\/localhost\/servinet-wp\/servicios\/comunidades-de-vecinos-6\/"},"modified":"2026-04-28T08:24:46","modified_gmt":"2026-04-28T06:24:46","slug":"comunidades-de-vecinos","status":"publish","type":"page","link":"https:\/\/servinetdelvalles.es\/ca\/serveis\/comunitats-de-veins\/","title":{"rendered":"Comunitats de ve\u00efns"},"content":{"rendered":"<p><\/p>\n<p class=\"p1\">En\u00a0Servinet\u00a0del Vall\u00e9s oferim un servei integral de neteja especialitzat en comunitats de ve\u00efns, garantint espais comuns nets, higi\u00e8nics i agradables per a tots els residents.<\/p>\n<p class=\"p1\">Sabem que les zones compartides s\u00f3n la imatge de l&#8217;edifici i un punt clau per a la conviv\u00e8ncia. Per aix\u00f2, adaptem cada servei a les necessitats espec\u00edfiques de cada comunitat, establint plans de neteja personalitzats i ajustats a la freq\u00fc\u00e8ncia requerida.<\/p>\n<h2 class=\"p1\">Qu\u00e8 inclou el nostre servei?<\/h2>\n<ul>\n<li class=\"p1\">Neteja i desinfecci\u00f3 de portals i accessos<\/li>\n<li class=\"p1\">Escombrat i fregat d&#8217;escales i replans<\/li>\n<li class=\"p1\">Manteniment d&#8217;ascensors (s\u00f2ls, miralls i botoneres)<\/li>\n<li class=\"p1\">Neteja de passamans i baranes<\/li>\n<li class=\"p1\">Neteja de cristalls en zones comunes<\/li>\n<li class=\"p1\">Manteniment de garatges i trasters<\/li>\n<li class=\"p1\">Gesti\u00f3 de cubs d&#8217;escombraries i zones de residus<\/li>\n<li class=\"p1\">Neteja de patis interiors i \u00e0rees exteriors<\/li>\n<\/ul>\n<h2 class=\"p1\">El nostre comprom\u00eds<\/h2>\n<p class=\"p1\">Treballem amb productes professionals i respectuosos amb el medi ambient, garantint resultats efica\u00e7os sense comprometre la seguretat de ve\u00efns, mascotes i treballadors.<\/p>\n<p class=\"p1\">El nostre equip est\u00e0 format per professionals qualificats, puntuals i de confian\u00e7a, que asseguren un manteniment constant i una atenci\u00f3 r\u00e0pida davant qualsevol necessitat addicional o servei extraordinari.<\/p>\n<p class=\"p1\">En Servinet del Vall\u00e9s cuidem cada detall perqu\u00e8 la seva comunitat llueixi sempre en perfectes condicions, aportant benestar, higiene i tranquil\u00b7litat a tots els ve\u00efns.<\/p>\n<p><\/p>","protected":false},"excerpt":{"rendered":"<p>En\u00a0Servinet\u00a0del Vall\u00e9s oferim un servei integral de neteja especialitzat en comunitats de ve\u00efns, garantint espais comuns nets, higi\u00e8nics i agradables per a tots els residents. Sabem que les zones compartides s\u00f3n la imatge de l&#8217;edifici i un punt clau per a la conviv\u00e8ncia. Per aix\u00f2, adaptem cada servei a les necessitats espec\u00edfiques de cada comunitat, [&hellip;]<\/p>\n","protected":false},"author":1,"featured_media":194,"parent":10,"menu_order":9,"comment_status":"closed","ping_status":"closed","template":"","meta":{"_acf_changed":false,"inline_featured_image":false,"footnotes":""},"class_list":["post-48","page","type-page","status-publish","has-post-thumbnail","hentry"],"acf":[],"_links":{"self":[{"href":"https:\/\/servinetdelvalles.es\/ca\/wp-json\/wp\/v2\/pages\/48","targetHints":{"allow":["GET"]}}],"collection":[{"href":"https:\/\/servinetdelvalles.es\/ca\/wp-json\/wp\/v2\/pages"}],"about":[{"href":"https:\/\/servinetdelvalles.es\/ca\/wp-json\/wp\/v2\/types\/page"}],"author":[{"embeddable":true,"href":"https:\/\/servinetdelvalles.es\/ca\/wp-json\/wp\/v2\/users\/1"}],"replies":[{"embeddable":true,"href":"https:\/\/servinetdelvalles.es\/ca\/wp-json\/wp\/v2\/comments?post=48"}],"version-history":[{"count":8,"href":"https:\/\/servinetdelvalles.es\/ca\/wp-json\/wp\/v2\/pages\/48\/revisions"}],"predecessor-version":[{"id":306,"href":"https:\/\/servinetdelvalles.es\/ca\/wp-json\/wp\/v2\/pages\/48\/revisions\/306"}],"up":[{"embeddable":true,"href":"https:\/\/servinetdelvalles.es\/ca\/wp-json\/wp\/v2\/pages\/10"}],"wp:featuredmedia":[{"embeddable":true,"href":"https:\/\/servinetdelvalles.es\/ca\/wp-json\/wp\/v2\/media\/194"}],"wp:attachment":[{"href":"https:\/\/servinetdelvalles.es\/ca\/wp-json\/wp\/v2\/media?parent=48"}],"curies":[{"name":"wp","href":"https:\/\/api.w.org\/{rel}","templated":true}]}}