{"id":50,"date":"2026-04-18T10:19:38","date_gmt":"2026-04-18T08:19:38","guid":{"rendered":"http:\/\/localhost\/servinet-wp\/servicios\/industrias-7\/"},"modified":"2026-04-21T21:28:39","modified_gmt":"2026-04-21T19:28:39","slug":"industrias","status":"publish","type":"page","link":"https:\/\/servinetdelvalles.es\/ca\/serveis\/industries\/","title":{"rendered":"Ind\u00fastries"},"content":{"rendered":"<p><\/p>\n<p class=\"p1\">En\u00a0Servinet\u00a0del Vall\u00e9s SL oferim un servei especialitzat de neteja industrial adaptat a les necessitats espec\u00edfiques de cada sector productiu.<\/p>\n<p>Comptem amb personal qualificat, maquin\u00e0ria professional i productes homologats que garanteixen resultats efica\u00e7os, segurs i respectuosos amb l&#8217;entorn de treball.<\/p>\n<p>Realitzem la neteja integral de naus industrials, f\u00e0briques, magatzems, tallers i zones t\u00e8cniques, assegurant el correcte manteniment de s\u00f2ls, maquin\u00e0ria, superf\u00edcies, conductes, \u00e0rees de producci\u00f3 i espais comuns. Els nostres protocols estan dissenyats per a complir amb les normatives vigents en mat\u00e8ria d&#8217;higiene, seguretat i prevenci\u00f3 de riscos laborals. Ens adaptem als horaris i ritmes de producci\u00f3 de cada client per a minimitzar interrupcions en l&#8217;activitat, oferint serveis peri\u00f2dics o puntuals segons les necessitats de l&#8217;empresa. La planificaci\u00f3 personalitzada i el seguiment continu ens permeten garantir un alt nivell de qualitat i satisfacci\u00f3.<\/p>\n<p>En\u00a0Servinet\u00a0del Vall\u00e9s SL entenem que un entorn net i ordenat \u00e9s clau per a la productivitat, la seguretat i la imatge corporativa de qualsevol ind\u00fastria. Per aix\u00f2, treballem amb comprom\u00eds, professionalitat i atenci\u00f3 al detall en cada servei que prestem.<\/p>\n<p><\/p>","protected":false},"excerpt":{"rendered":"<p>En\u00a0Servinet\u00a0del Vall\u00e9s SL oferim un servei especialitzat de neteja industrial adaptat a les necessitats espec\u00edfiques de cada sector productiu. Comptem amb personal qualificat, maquin\u00e0ria professional i productes homologats que garanteixen resultats efica\u00e7os, segurs i respectuosos amb l&#8217;entorn de treball. Realitzem la neteja integral de naus industrials, f\u00e0briques, magatzems, tallers i zones t\u00e8cniques, assegurant el correcte [&hellip;]<\/p>\n","protected":false},"author":1,"featured_media":177,"parent":10,"menu_order":5,"comment_status":"closed","ping_status":"closed","template":"","meta":{"_acf_changed":false,"inline_featured_image":false,"footnotes":""},"class_list":["post-50","page","type-page","status-publish","has-post-thumbnail","hentry"],"acf":[],"_links":{"self":[{"href":"https:\/\/servinetdelvalles.es\/ca\/wp-json\/wp\/v2\/pages\/50","targetHints":{"allow":["GET"]}}],"collection":[{"href":"https:\/\/servinetdelvalles.es\/ca\/wp-json\/wp\/v2\/pages"}],"about":[{"href":"https:\/\/servinetdelvalles.es\/ca\/wp-json\/wp\/v2\/types\/page"}],"author":[{"embeddable":true,"href":"https:\/\/servinetdelvalles.es\/ca\/wp-json\/wp\/v2\/users\/1"}],"replies":[{"embeddable":true,"href":"https:\/\/servinetdelvalles.es\/ca\/wp-json\/wp\/v2\/comments?post=50"}],"version-history":[{"count":5,"href":"https:\/\/servinetdelvalles.es\/ca\/wp-json\/wp\/v2\/pages\/50\/revisions"}],"predecessor-version":[{"id":288,"href":"https:\/\/servinetdelvalles.es\/ca\/wp-json\/wp\/v2\/pages\/50\/revisions\/288"}],"up":[{"embeddable":true,"href":"https:\/\/servinetdelvalles.es\/ca\/wp-json\/wp\/v2\/pages\/10"}],"wp:featuredmedia":[{"embeddable":true,"href":"https:\/\/servinetdelvalles.es\/ca\/wp-json\/wp\/v2\/media\/177"}],"wp:attachment":[{"href":"https:\/\/servinetdelvalles.es\/ca\/wp-json\/wp\/v2\/media?parent=50"}],"curies":[{"name":"wp","href":"https:\/\/api.w.org\/{rel}","templated":true}]}}