{"id":51,"date":"2026-04-18T10:19:38","date_gmt":"2026-04-18T08:19:38","guid":{"rendered":"http:\/\/localhost\/servinet-wp\/servicios\/oficinas-7\/"},"modified":"2026-04-21T21:33:28","modified_gmt":"2026-04-21T19:33:28","slug":"oficinas","status":"publish","type":"page","link":"https:\/\/servinetdelvalles.es\/ca\/serveis\/oficines\/","title":{"rendered":"Oficines"},"content":{"rendered":"<p><\/p>\n<p class=\"p1\">En\u00a0Servinet\u00a0del Vall\u00e9s SL oferim un servei professional de neteja d&#8217;oficines orientat a garantir espais de treball nets, saludables i agradables per a empleats i visitants. Adaptem cada servei a les caracter\u00edstiques i necessitats de cada empresa, cuidant cada detall per a mantenir una imatge corporativa impecable.<\/p>\n<p>Realitzem la neteja integral de despatxos, zones comunes, sales de reunions, lavabos, \u00e0rees de descans i superf\u00edcies d&#8217;\u00fas freq\u00fcent, utilitzant productes i sistemes de neteja eficaces i assegurances. El nostre personal est\u00e0 degudament format i actua amb la m\u00e0xima discreci\u00f3 i professionalitat en tot moment.<\/p>\n<p>Oferim serveis peri\u00f2dics o puntuals, amb total flexibilitat hor\u00e0ria per a no interferir en l&#8217;activitat di\u00e0ria de l&#8217;oficina. La planificaci\u00f3 personalitzada i el control de qualitat continu ens permeten assegurar resultats constants i un alt nivell de satisfacci\u00f3.<\/p>\n<p>En\u00a0Servinet\u00a0del Vall\u00e9s SL entenem que un entorn de treball net i ordenat contribueix al benestar, la productivitat i la imatge de l&#8217;empresa. Per aix\u00f2, treballem amb comprom\u00eds, confian\u00e7a i atenci\u00f3 al detall, oferint solucions de neteja adaptades a cada client.<\/p>","protected":false},"excerpt":{"rendered":"<p>En\u00a0Servinet\u00a0del Vall\u00e9s SL oferim un servei professional de neteja d&#8217;oficines orientat a garantir espais de treball nets, saludables i agradables per a empleats i visitants. Adaptem cada servei a les caracter\u00edstiques i necessitats de cada empresa, cuidant cada detall per a mantenir una imatge corporativa impecable. Realitzem la neteja integral de despatxos, zones comunes, sales [&hellip;]<\/p>\n","protected":false},"author":1,"featured_media":180,"parent":10,"menu_order":6,"comment_status":"closed","ping_status":"closed","template":"","meta":{"_acf_changed":false,"inline_featured_image":false,"footnotes":""},"class_list":["post-51","page","type-page","status-publish","has-post-thumbnail","hentry"],"acf":[],"_links":{"self":[{"href":"https:\/\/servinetdelvalles.es\/ca\/wp-json\/wp\/v2\/pages\/51","targetHints":{"allow":["GET"]}}],"collection":[{"href":"https:\/\/servinetdelvalles.es\/ca\/wp-json\/wp\/v2\/pages"}],"about":[{"href":"https:\/\/servinetdelvalles.es\/ca\/wp-json\/wp\/v2\/types\/page"}],"author":[{"embeddable":true,"href":"https:\/\/servinetdelvalles.es\/ca\/wp-json\/wp\/v2\/users\/1"}],"replies":[{"embeddable":true,"href":"https:\/\/servinetdelvalles.es\/ca\/wp-json\/wp\/v2\/comments?post=51"}],"version-history":[{"count":4,"href":"https:\/\/servinetdelvalles.es\/ca\/wp-json\/wp\/v2\/pages\/51\/revisions"}],"predecessor-version":[{"id":290,"href":"https:\/\/servinetdelvalles.es\/ca\/wp-json\/wp\/v2\/pages\/51\/revisions\/290"}],"up":[{"embeddable":true,"href":"https:\/\/servinetdelvalles.es\/ca\/wp-json\/wp\/v2\/pages\/10"}],"wp:featuredmedia":[{"embeddable":true,"href":"https:\/\/servinetdelvalles.es\/ca\/wp-json\/wp\/v2\/media\/180"}],"wp:attachment":[{"href":"https:\/\/servinetdelvalles.es\/ca\/wp-json\/wp\/v2\/media?parent=51"}],"curies":[{"name":"wp","href":"https:\/\/api.w.org\/{rel}","templated":true}]}}