{"id":52,"date":"2026-04-18T10:19:38","date_gmt":"2026-04-18T08:19:38","guid":{"rendered":"http:\/\/localhost\/servinet-wp\/servicios\/parkings-7\/"},"modified":"2026-04-21T21:37:08","modified_gmt":"2026-04-21T19:37:08","slug":"parkings","status":"publish","type":"page","link":"https:\/\/servinetdelvalles.es\/ca\/serveis\/parquings\/","title":{"rendered":"P\u00e0rquings"},"content":{"rendered":"<p class=\"p1\">En\u00a0Servinet\u00a0del Vall\u00e9s SL oferim un servei especialitzat de neteja de p\u00e0rquings que garanteix espais segurs, ordenats i correctament mantinguts, tant en p\u00e0rquings p\u00fablics com privats. Adaptem cada intervenci\u00f3 a les caracter\u00edstiques del recinte i al nivell d&#8217;\u00fas d&#8217;aquest.<br \/><br \/>Realitzem la neteja integral d&#8217;aparcaments subterranis i en superf\u00edcie, incloent-hi s\u00f2ls, rampes, places d&#8217;estacionament, accessos, senyalitzaci\u00f3, zones per als vianants i \u00e0rees comunes. Utilitzem maquin\u00e0ria professional i productes espec\u00edfics per a l&#8217;eliminaci\u00f3 de pols, taques d&#8217;oli, residus i brut\u00edcia acumulada.<br \/><br \/>Els nostres serveis poden ser peri\u00f2dics o puntuals, amb una planificaci\u00f3 flexible que permet actuar sense interferir en la circulaci\u00f3 de vehicles ni en l&#8217;activitat habitual del p\u00e0rquing. Complim amb les normatives de seguretat i prevenci\u00f3, garantint intervencions eficaces i segures. En\u00a0Servinet\u00a0del Vall\u00e9s SL sabem que un p\u00e0rquing net i ben mantingut millora la imatge de l&#8217;edifici i l&#8217;experi\u00e8ncia de l&#8217;usuari. Per aix\u00f2, treballem amb professionalitat, efic\u00e0cia i atenci\u00f3 al detall en cada servei.<\/p>","protected":false},"excerpt":{"rendered":"<p>En\u00a0Servinet\u00a0del Vall\u00e9s SL oferim un servei especialitzat de neteja de p\u00e0rquings que garanteix espais segurs, ordenats i correctament mantinguts, tant en p\u00e0rquings p\u00fablics com privats. Adaptem cada intervenci\u00f3 a les caracter\u00edstiques del recinte i al nivell d&#8217;\u00fas d&#8217;aquest. Realitzem la neteja integral d&#8217;aparcaments subterranis i en superf\u00edcie, incloent-hi s\u00f2ls, rampes, places d&#8217;estacionament, accessos, senyalitzaci\u00f3, zones [&hellip;]<\/p>\n","protected":false},"author":1,"featured_media":185,"parent":10,"menu_order":7,"comment_status":"closed","ping_status":"closed","template":"","meta":{"_acf_changed":false,"inline_featured_image":false,"footnotes":""},"class_list":["post-52","page","type-page","status-publish","has-post-thumbnail","hentry"],"acf":[],"_links":{"self":[{"href":"https:\/\/servinetdelvalles.es\/ca\/wp-json\/wp\/v2\/pages\/52","targetHints":{"allow":["GET"]}}],"collection":[{"href":"https:\/\/servinetdelvalles.es\/ca\/wp-json\/wp\/v2\/pages"}],"about":[{"href":"https:\/\/servinetdelvalles.es\/ca\/wp-json\/wp\/v2\/types\/page"}],"author":[{"embeddable":true,"href":"https:\/\/servinetdelvalles.es\/ca\/wp-json\/wp\/v2\/users\/1"}],"replies":[{"embeddable":true,"href":"https:\/\/servinetdelvalles.es\/ca\/wp-json\/wp\/v2\/comments?post=52"}],"version-history":[{"count":5,"href":"https:\/\/servinetdelvalles.es\/ca\/wp-json\/wp\/v2\/pages\/52\/revisions"}],"predecessor-version":[{"id":292,"href":"https:\/\/servinetdelvalles.es\/ca\/wp-json\/wp\/v2\/pages\/52\/revisions\/292"}],"up":[{"embeddable":true,"href":"https:\/\/servinetdelvalles.es\/ca\/wp-json\/wp\/v2\/pages\/10"}],"wp:featuredmedia":[{"embeddable":true,"href":"https:\/\/servinetdelvalles.es\/ca\/wp-json\/wp\/v2\/media\/185"}],"wp:attachment":[{"href":"https:\/\/servinetdelvalles.es\/ca\/wp-json\/wp\/v2\/media?parent=52"}],"curies":[{"name":"wp","href":"https:\/\/api.w.org\/{rel}","templated":true}]}}