{"id":53,"date":"2026-04-18T10:19:38","date_gmt":"2026-04-18T08:19:38","guid":{"rendered":"http:\/\/localhost\/servinet-wp\/servicios\/cristales-7\/"},"modified":"2026-04-21T22:34:36","modified_gmt":"2026-04-21T20:34:36","slug":"cristales","status":"publish","type":"page","link":"https:\/\/servinetdelvalles.es\/ca\/serveis\/cristalls\/","title":{"rendered":"Cristalls"},"content":{"rendered":"<p><\/p>\n<p class=\"p1\">En\u00a0Servinet\u00a0oferim un servei professional de neteja de cristalls que garanteix m\u00e0xima transpar\u00e8ncia, lluentor i cura en tota mena de superf\u00edcies envidrades.<\/p>\n<p>Ens encarreguem de la neteja de finestres, aparadors, mampares, cristalls interiors i exteriors, aix\u00ed com superf\u00edcies de dif\u00edcil acc\u00e9s, utilitzant productes espec\u00edfics i t\u00e8cniques segures que eliminen brut\u00edcia, pols, petjades i taques sense danyar els materials.<\/p>\n<p>El nostre equip est\u00e0 format per personal qualificat, equipat amb eines professionals i preparat per a treballar tant en oficines, comunitats de ve\u00efns, locals comercials, naus industrials i centres p\u00fablics.<\/p>\n<p>Adaptem el servei a les necessitats de cada client, oferint neteges puntuals o manteniments peri\u00f2dics, sempre amb un enfocament eficient, acurat i respectu\u00f3s amb l&#8217;entorn.<\/p>\n<p>Amb\u00a0Servinet, els seus cristalls lluiran sempre nets, aportant millor imatge, major lluminositat i un entorn m\u00e9s agradable.<\/p>\n<p><\/p>","protected":false},"excerpt":{"rendered":"<p>En\u00a0Servinet\u00a0oferim un servei professional de neteja de cristalls que garanteix m\u00e0xima transpar\u00e8ncia, lluentor i cura en tota mena de superf\u00edcies envidrades. Ens encarreguem de la neteja de finestres, aparadors, mampares, cristalls interiors i exteriors, aix\u00ed com superf\u00edcies de dif\u00edcil acc\u00e9s, utilitzant productes espec\u00edfics i t\u00e8cniques segures que eliminen brut\u00edcia, pols, petjades i taques sense danyar [&hellip;]<\/p>\n","protected":false},"author":1,"featured_media":189,"parent":10,"menu_order":8,"comment_status":"closed","ping_status":"closed","template":"","meta":{"_acf_changed":false,"inline_featured_image":false,"footnotes":""},"class_list":["post-53","page","type-page","status-publish","has-post-thumbnail","hentry"],"acf":[],"_links":{"self":[{"href":"https:\/\/servinetdelvalles.es\/ca\/wp-json\/wp\/v2\/pages\/53","targetHints":{"allow":["GET"]}}],"collection":[{"href":"https:\/\/servinetdelvalles.es\/ca\/wp-json\/wp\/v2\/pages"}],"about":[{"href":"https:\/\/servinetdelvalles.es\/ca\/wp-json\/wp\/v2\/types\/page"}],"author":[{"embeddable":true,"href":"https:\/\/servinetdelvalles.es\/ca\/wp-json\/wp\/v2\/users\/1"}],"replies":[{"embeddable":true,"href":"https:\/\/servinetdelvalles.es\/ca\/wp-json\/wp\/v2\/comments?post=53"}],"version-history":[{"count":5,"href":"https:\/\/servinetdelvalles.es\/ca\/wp-json\/wp\/v2\/pages\/53\/revisions"}],"predecessor-version":[{"id":293,"href":"https:\/\/servinetdelvalles.es\/ca\/wp-json\/wp\/v2\/pages\/53\/revisions\/293"}],"up":[{"embeddable":true,"href":"https:\/\/servinetdelvalles.es\/ca\/wp-json\/wp\/v2\/pages\/10"}],"wp:featuredmedia":[{"embeddable":true,"href":"https:\/\/servinetdelvalles.es\/ca\/wp-json\/wp\/v2\/media\/189"}],"wp:attachment":[{"href":"https:\/\/servinetdelvalles.es\/ca\/wp-json\/wp\/v2\/media?parent=53"}],"curies":[{"name":"wp","href":"https:\/\/api.w.org\/{rel}","templated":true}]}}