{"id":7,"date":"2026-04-18T10:19:09","date_gmt":"2026-04-18T08:19:09","guid":{"rendered":"http:\/\/localhost\/servinet-wp\/inicio\/"},"modified":"2026-05-11T12:35:08","modified_gmt":"2026-05-11T10:35:08","slug":"inicio","status":"publish","type":"page","link":"https:\/\/servinetdelvalles.es\/ca\/","title":{"rendered":"Inici"},"content":{"rendered":"<p><\/p>\n<p class=\"p1\">Som una empresa amb una llarga experi\u00e8ncia en la gesti\u00f3 de la neteja de tota mena d&#8217;edificis industrials, locals comercials, oficines, centres educatius i p\u00e0rquings. La nostra activitat es desenvolupa en tota Catalunya mitjan\u00e7ant un sistema de treball met\u00f2dic i programat que ens permet oferir nivells de neteja \u00f2ptims i d&#8217;alta qualitat.<\/p>\n<p>Amb el nostre alt nivell de mecanitzat, la utilitzaci\u00f3 de materials homologats i la formaci\u00f3 cont\u00ednua del nostre personal optimitzem i adeq\u00fcem els recursos adaptant-los a les necessitats de cada client.<\/p>","protected":false},"excerpt":{"rendered":"<p>Som una empresa amb una llarga experi\u00e8ncia en la gesti\u00f3 de la neteja de tota mena d&#8217;edificis industrials, locals comercials, oficines, centres educatius i p\u00e0rquings. La nostra activitat es desenvolupa en tota Catalunya mitjan\u00e7ant un sistema de treball met\u00f2dic i programat que ens permet oferir nivells de neteja \u00f2ptims i d&#8217;alta qualitat. Amb el nostre [&hellip;]<\/p>\n","protected":false},"author":1,"featured_media":0,"parent":0,"menu_order":1,"comment_status":"closed","ping_status":"closed","template":"","meta":{"_acf_changed":false,"inline_featured_image":false,"footnotes":""},"class_list":["post-7","page","type-page","status-publish","hentry"],"acf":[],"_links":{"self":[{"href":"https:\/\/servinetdelvalles.es\/ca\/wp-json\/wp\/v2\/pages\/7","targetHints":{"allow":["GET"]}}],"collection":[{"href":"https:\/\/servinetdelvalles.es\/ca\/wp-json\/wp\/v2\/pages"}],"about":[{"href":"https:\/\/servinetdelvalles.es\/ca\/wp-json\/wp\/v2\/types\/page"}],"author":[{"embeddable":true,"href":"https:\/\/servinetdelvalles.es\/ca\/wp-json\/wp\/v2\/users\/1"}],"replies":[{"embeddable":true,"href":"https:\/\/servinetdelvalles.es\/ca\/wp-json\/wp\/v2\/comments?post=7"}],"version-history":[{"count":7,"href":"https:\/\/servinetdelvalles.es\/ca\/wp-json\/wp\/v2\/pages\/7\/revisions"}],"predecessor-version":[{"id":372,"href":"https:\/\/servinetdelvalles.es\/ca\/wp-json\/wp\/v2\/pages\/7\/revisions\/372"}],"wp:attachment":[{"href":"https:\/\/servinetdelvalles.es\/ca\/wp-json\/wp\/v2\/media?parent=7"}],"curies":[{"name":"wp","href":"https:\/\/api.w.org\/{rel}","templated":true}]}}