{"id":8,"date":"2026-04-18T10:19:09","date_gmt":"2026-04-18T08:19:09","guid":{"rendered":"http:\/\/localhost\/servinet-wp\/quienes-somos\/"},"modified":"2026-05-11T12:45:31","modified_gmt":"2026-05-11T10:45:31","slug":"quienes-somos","status":"publish","type":"page","link":"https:\/\/servinetdelvalles.es\/ca\/empresa\/","title":{"rendered":"Qui som"},"content":{"rendered":"<p class=\"p1\">Servinet\u00a0del Vall\u00e8s, empresa de neteja per a tota Catalunya<br \/>En\u00a0Servinet\u00a0del Vall\u00e9s S.L. creiem que la neteja no \u00e9s nom\u00e9s una q\u00fcesti\u00f3 d&#8217;imatge, sin\u00f3 de benestar, confian\u00e7a i cura dels espais on les persones treballen i conviuen cada dia.<br \/><br \/>Som una empresa del Vall\u00e9s que aposta pel treball ben fet, el tracte directe i la serietat en cada servei. Ens impliquem en cada projecte com si fos propi, adaptant-nos a les necessitats reals dels nostres clients i oferint solucions pr\u00e0ctiques, eficaces i sense complicacions.<br \/><br \/>El nostre equip est\u00e0 format per professionals compromesos, amb experi\u00e8ncia i atenci\u00f3 al detall, que treballen amb m\u00e8todes responsables i productes adequats per a garantir resultats visibles i duradors. En\u00a0Servinet\u00a0del Vall\u00e9s S.L. complim el que prometem: puntualitat, neteja impecable i un servei en el qual es pot confiar.<br \/><br \/>Perqu\u00e8 cuidar els espais \u00e9s cuidar a les persones.<\/p>","protected":false},"excerpt":{"rendered":"<p>Servinet\u00a0del Vall\u00e8s, empresa de neteja per a tota CatalunyaEn\u00a0Servinet\u00a0del Vall\u00e9s S.L. creiem que la neteja no \u00e9s nom\u00e9s una q\u00fcesti\u00f3 d&#8217;imatge, sin\u00f3 de benestar, confian\u00e7a i cura dels espais on les persones treballen i conviuen cada dia. Som una empresa del Vall\u00e9s que aposta pel treball ben fet, el tracte directe i la serietat en [&hellip;]<\/p>\n","protected":false},"author":1,"featured_media":130,"parent":0,"menu_order":2,"comment_status":"closed","ping_status":"closed","template":"","meta":{"_acf_changed":false,"inline_featured_image":false,"footnotes":""},"class_list":["post-8","page","type-page","status-publish","has-post-thumbnail","hentry"],"acf":[],"_links":{"self":[{"href":"https:\/\/servinetdelvalles.es\/ca\/wp-json\/wp\/v2\/pages\/8","targetHints":{"allow":["GET"]}}],"collection":[{"href":"https:\/\/servinetdelvalles.es\/ca\/wp-json\/wp\/v2\/pages"}],"about":[{"href":"https:\/\/servinetdelvalles.es\/ca\/wp-json\/wp\/v2\/types\/page"}],"author":[{"embeddable":true,"href":"https:\/\/servinetdelvalles.es\/ca\/wp-json\/wp\/v2\/users\/1"}],"replies":[{"embeddable":true,"href":"https:\/\/servinetdelvalles.es\/ca\/wp-json\/wp\/v2\/comments?post=8"}],"version-history":[{"count":10,"href":"https:\/\/servinetdelvalles.es\/ca\/wp-json\/wp\/v2\/pages\/8\/revisions"}],"predecessor-version":[{"id":284,"href":"https:\/\/servinetdelvalles.es\/ca\/wp-json\/wp\/v2\/pages\/8\/revisions\/284"}],"wp:featuredmedia":[{"embeddable":true,"href":"https:\/\/servinetdelvalles.es\/ca\/wp-json\/wp\/v2\/media\/130"}],"wp:attachment":[{"href":"https:\/\/servinetdelvalles.es\/ca\/wp-json\/wp\/v2\/media?parent=8"}],"curies":[{"name":"wp","href":"https:\/\/api.w.org\/{rel}","templated":true}]}}