{"id":52,"date":"2026-04-18T10:19:38","date_gmt":"2026-04-18T08:19:38","guid":{"rendered":"http:\/\/localhost\/servinet-wp\/servicios\/parkings-7\/"},"modified":"2026-04-21T21:37:08","modified_gmt":"2026-04-21T19:37:08","slug":"parkings","status":"publish","type":"page","link":"https:\/\/servinetdelvalles.es\/es\/servicios\/parkings\/","title":{"rendered":"Parkings"},"content":{"rendered":"<p>En Servinet del Vall\u00e9s SL ofrecemos un servicio especializado de limpieza de parkings que garantiza espacios seguros, ordenados y correctamente mantenidos, tanto en parkings p\u00fablicos como privados. Adaptamos cada intervenci\u00f3n a las caracter\u00edsticas del recinto y al nivel de uso del mismo.<\/p>\r\n<p>Realizamos la limpieza integral de aparcamientos subterr\u00e1neos y en superficie, incluyendo suelos, rampas, plazas de estacionamiento, accesos, se\u00f1alizaci\u00f3n, zonas peatonales y \u00e1reas comunes. Utilizamos maquinaria profesional y productos espec\u00edficos para la eliminaci\u00f3n de polvo, manchas de aceite, residuos y suciedad acumulada.<\/p>\r\n<p>Nuestros servicios pueden ser peri\u00f3dicos o puntuales, con una planificaci\u00f3n flexible que permite actuar sin interferir en la circulaci\u00f3n de veh\u00edculos ni en la actividad habitual del parking. Cumplimos con las normativas de seguridad y prevenci\u00f3n, garantizando intervenciones eficaces y seguras. En Servinet del Vall\u00e9s SL sabemos que un parking limpio y bien mantenido mejora la imagen del edificio y la experiencia del usuario. Por ello, trabajamos con profesionalidad, eficacia y atenci\u00f3n al detalle en cada servicio.<\/p>","protected":false},"excerpt":{"rendered":"<p>En Servinet del Vall\u00e9s SL ofrecemos un servicio especializado de limpieza de parkings que garantiza espacios seguros, ordenados y correctamente mantenidos, tanto en parkings p\u00fablicos como privados. Adaptamos cada intervenci\u00f3n a las caracter\u00edsticas del recinto y al nivel de uso del mismo. Realizamos la limpieza integral de aparcamientos subterr\u00e1neos y en superficie, incluyendo suelos, rampas, [&hellip;]<\/p>\n","protected":false},"author":1,"featured_media":185,"parent":10,"menu_order":7,"comment_status":"closed","ping_status":"closed","template":"","meta":{"_acf_changed":false,"inline_featured_image":false,"footnotes":""},"class_list":["post-52","page","type-page","status-publish","has-post-thumbnail","hentry"],"acf":[],"_links":{"self":[{"href":"https:\/\/servinetdelvalles.es\/es\/wp-json\/wp\/v2\/pages\/52","targetHints":{"allow":["GET"]}}],"collection":[{"href":"https:\/\/servinetdelvalles.es\/es\/wp-json\/wp\/v2\/pages"}],"about":[{"href":"https:\/\/servinetdelvalles.es\/es\/wp-json\/wp\/v2\/types\/page"}],"author":[{"embeddable":true,"href":"https:\/\/servinetdelvalles.es\/es\/wp-json\/wp\/v2\/users\/1"}],"replies":[{"embeddable":true,"href":"https:\/\/servinetdelvalles.es\/es\/wp-json\/wp\/v2\/comments?post=52"}],"version-history":[{"count":5,"href":"https:\/\/servinetdelvalles.es\/es\/wp-json\/wp\/v2\/pages\/52\/revisions"}],"predecessor-version":[{"id":292,"href":"https:\/\/servinetdelvalles.es\/es\/wp-json\/wp\/v2\/pages\/52\/revisions\/292"}],"up":[{"embeddable":true,"href":"https:\/\/servinetdelvalles.es\/es\/wp-json\/wp\/v2\/pages\/10"}],"wp:featuredmedia":[{"embeddable":true,"href":"https:\/\/servinetdelvalles.es\/es\/wp-json\/wp\/v2\/media\/185"}],"wp:attachment":[{"href":"https:\/\/servinetdelvalles.es\/es\/wp-json\/wp\/v2\/media?parent=52"}],"curies":[{"name":"wp","href":"https:\/\/api.w.org\/{rel}","templated":true}]}}