{"id":53,"date":"2026-04-18T10:19:38","date_gmt":"2026-04-18T08:19:38","guid":{"rendered":"http:\/\/localhost\/servinet-wp\/servicios\/cristales-7\/"},"modified":"2026-04-21T22:34:36","modified_gmt":"2026-04-21T20:34:36","slug":"cristales","status":"publish","type":"page","link":"https:\/\/servinetdelvalles.es\/es\/servicios\/cristales\/","title":{"rendered":"Cristales"},"content":{"rendered":"<p><\/p>\n<p>En Servinet ofrecemos un servicio profesional de limpieza de cristales que garantiza m\u00e1xima transparencia, brillo y cuidado en todo tipo de superficies acristaladas.<\/p>\n<p>Nos encargamos de la limpieza de ventanas, escaparates, mamparas, cristales interiores y exteriores, as\u00ed como superficies de dif\u00edcil acceso, utilizando productos espec\u00edficos y t\u00e9cnicas seguras que eliminan suciedad, polvo, huellas y manchas sin da\u00f1ar los materiales.<\/p>\n<p>Nuestro equipo est\u00e1 formado por personal cualificado, equipado con herramientas profesionales y preparado para trabajar tanto en oficinas, comunidades de vecinos, locales comerciales, naves industriales y centros p\u00fablicos.<\/p>\n<p>Adaptamos el servicio a las necesidades de cada cliente, ofreciendo limpiezas puntuales o mantenimientos peri\u00f3dicos, siempre con un enfoque eficiente, cuidadoso y respetuoso con el entorno.<\/p>\n<p>Con Servinet, sus cristales lucir\u00e1n siempre limpios, aportando mejor imagen, mayor luminosidad y un entorno m\u00e1s agradable.<\/p>\n<p><\/p>","protected":false},"excerpt":{"rendered":"<p>En Servinet ofrecemos un servicio profesional de limpieza de cristales que garantiza m\u00e1xima transparencia, brillo y cuidado en todo tipo de superficies acristaladas. Nos encargamos de la limpieza de ventanas, escaparates, mamparas, cristales interiores y exteriores, as\u00ed como superficies de dif\u00edcil acceso, utilizando productos espec\u00edficos y t\u00e9cnicas seguras que eliminan suciedad, polvo, huellas y manchas [&hellip;]<\/p>\n","protected":false},"author":1,"featured_media":189,"parent":10,"menu_order":8,"comment_status":"closed","ping_status":"closed","template":"","meta":{"_acf_changed":false,"inline_featured_image":false,"footnotes":""},"class_list":["post-53","page","type-page","status-publish","has-post-thumbnail","hentry"],"acf":[],"_links":{"self":[{"href":"https:\/\/servinetdelvalles.es\/es\/wp-json\/wp\/v2\/pages\/53","targetHints":{"allow":["GET"]}}],"collection":[{"href":"https:\/\/servinetdelvalles.es\/es\/wp-json\/wp\/v2\/pages"}],"about":[{"href":"https:\/\/servinetdelvalles.es\/es\/wp-json\/wp\/v2\/types\/page"}],"author":[{"embeddable":true,"href":"https:\/\/servinetdelvalles.es\/es\/wp-json\/wp\/v2\/users\/1"}],"replies":[{"embeddable":true,"href":"https:\/\/servinetdelvalles.es\/es\/wp-json\/wp\/v2\/comments?post=53"}],"version-history":[{"count":5,"href":"https:\/\/servinetdelvalles.es\/es\/wp-json\/wp\/v2\/pages\/53\/revisions"}],"predecessor-version":[{"id":293,"href":"https:\/\/servinetdelvalles.es\/es\/wp-json\/wp\/v2\/pages\/53\/revisions\/293"}],"up":[{"embeddable":true,"href":"https:\/\/servinetdelvalles.es\/es\/wp-json\/wp\/v2\/pages\/10"}],"wp:featuredmedia":[{"embeddable":true,"href":"https:\/\/servinetdelvalles.es\/es\/wp-json\/wp\/v2\/media\/189"}],"wp:attachment":[{"href":"https:\/\/servinetdelvalles.es\/es\/wp-json\/wp\/v2\/media?parent=53"}],"curies":[{"name":"wp","href":"https:\/\/api.w.org\/{rel}","templated":true}]}}