{"id":56,"date":"2026-04-18T10:21:39","date_gmt":"2026-04-18T08:21:39","guid":{"rendered":"http:\/\/localhost\/servinet-wp\/politica-de-cookies\/"},"modified":"2026-04-21T23:17:08","modified_gmt":"2026-04-21T21:17:08","slug":"politica-de-cookies","status":"publish","type":"page","link":"https:\/\/servinetdelvalles.es\/es\/politica-de-cookies\/","title":{"rendered":"Pol\u00edtica de Cookies"},"content":{"rendered":"<p><\/p>\n<h2 class=\"wp-block-heading\">Informaci\u00f3n sobre cookies<\/h2>\n<p>Debido a la entrada en vigor de la modificaci\u00f3n de la Ley de Servicios de la Sociedad de la Informaci\u00f3n (LSSICE) establecida por el Real Decreto 13\/2012, es obligatorio obtener el consentimiento expreso del usuario de todas las p\u00e1ginas web que usan cookies prescindibles, antes de que \u00e9ste navegue por ellas.<\/p>\n<h2 class=\"wp-block-heading\">\u00bfQu\u00e9 son las cookies?<\/h2>\n<p>Las cookies y otras tecnolog\u00edas similares tales como local shared objects, flash cookies o p\u00edxeles, son herramientas empleadas por los servidores web para almacenar y recuperar informaci\u00f3n acerca de sus visitantes, as\u00ed como para ofrecer un correcto funcionamiento del sitio.<\/p>\n<p>Mediante el uso de estos dispositivos se permite al servidor web recordar algunos datos concernientes al usuario, como sus preferencias para la visualizaci\u00f3n de las p\u00e1ginas de ese servidor, nombre y contrase\u00f1a, productos que m\u00e1s le interesan, etc.<\/p>\n<h2 class=\"wp-block-heading\">Cookies afectadas por la normativa y cookies exceptuadas<\/h2>\n<p>Seg\u00fan la directiva de la UE, las cookies que requieren el consentimiento informado por parte del usuario son las cookies de anal\u00edtica y las de publicidad y afiliaci\u00f3n, quedando exceptuadas las de car\u00e1cter t\u00e9cnico y las necesarias para el funcionamiento del sitio web o la prestaci\u00f3n de servicios expresamente solicitados por el usuario.<\/p>\n<h2 class=\"wp-block-heading\">\u00bfQu\u00e9 tipos de cookies existen?<\/h2>\n<p>Sobre los tipos de cookies, existen cinco grandes grupos:<\/p>\n<ul class=\"wp-block-list\">\n<li><strong>Cookies anal\u00edticas:<\/strong>\u00a0recogen informaci\u00f3n del uso que se realiza del sitio web.<\/li>\n<li><strong>Cookies sociales:<\/strong>\u00a0son aquellas necesarias para redes sociales externas.<\/li>\n<li><strong>Cookies de afiliados:<\/strong>\u00a0permiten hacer un seguimiento de las visitas procedentes de otras webs, con las que el sitio web establece un contrato de afiliaci\u00f3n (empresas de afiliaci\u00f3n).<\/li>\n<li><strong>Cookies de publicidad y comportamentales:<\/strong>\u00a0recogen informaci\u00f3n sobre las preferencias y elecciones personales del usuario (retargeting).<\/li>\n<li><strong>Cookies t\u00e9cnicas y funcionales:<\/strong>\u00a0son las estrictamente necesarias para el uso del sitio web y para la prestaci\u00f3n del servicio contratado.<\/li>\n<\/ul>\n<h2 class=\"wp-block-heading\">Cookies que se utilizan en este sitio web<\/h2>\n<p>Listar los nombres de las cookies, tipo, propietario, funci\u00f3n y vencimiento, por ejemplo:<\/p>\n<ul class=\"wp-block-list\">\n<li><strong>PHPSESSID:<\/strong>\u00a0cookie t\u00e9cnica y estrictamente necesaria que contiene el identificador de la sesi\u00f3n. Se elimina al cerrar el navegador.<\/li>\n<li><strong>_lang:<\/strong>\u00a0cookie t\u00e9cnica y estrictamente necesaria que contiene el idioma de la sesi\u00f3n. Se elimina al cerrar el navegador.<\/li>\n<li><strong>ac_cookies:<\/strong>\u00a0cookie t\u00e9cnica y estrictamente necesaria que contiene el valor de si se ha aceptado la instalaci\u00f3n de cookies. Caduca en 1 a\u00f1o desde la \u00faltima actualizaci\u00f3n.<\/li>\n<li><strong>_ga:<\/strong>\u00a0cookie de Google Analytics que habilita la funci\u00f3n de control de visitas \u00fanicas. La primera vez que un usuario entra en el sitio web a trav\u00e9s de un navegador se instalar\u00e1 esta cookie. Cuando este usuario vuelva a entrar en la web con el mismo navegador, la cookie considerar\u00e1 que es el mismo usuario. Solo en el caso de que el usuario cambie de navegador, se considerar\u00e1 otro usuario. Caduca a los 2 a\u00f1os desde la \u00faltima actualizaci\u00f3n.<\/li>\n<li><strong>_gat:<\/strong>\u00a0esta cookie se asocia con Google Analytics Universal. Se utiliza para limitar la velocidad de petici\u00f3n, es decir, la limitaci\u00f3n de la recogida de datos en los sitios de alto tr\u00e1fico. Caduca a los 10 minutos.<\/li>\n<li><strong>_utma:<\/strong>\u00a0cookie de Google Analytics que registra la fecha de la primera y \u00faltima vez que el usuario visit\u00f3 el sitio web. Caduca a los 2 a\u00f1os desde la \u00faltima actualizaci\u00f3n.<\/li>\n<li><strong>_utmb:<\/strong>\u00a0cookie de Google Analytics que registra la hora de llegada a la p\u00e1gina web. Caduca a los 30 minutos desde la \u00faltima actualizaci\u00f3n.<\/li>\n<li><strong>_utmc:<\/strong>\u00a0cookie de Google Analytics utilizada para la interoperabilidad con el c\u00f3digo de seguimiento urchin.js. Se elimina al cerrar el navegador.<\/li>\n<li><strong>_utmt:<\/strong>\u00a0cookie de Google Analytics. Esta cookie se utiliza para procesar el tipo de solicitud pedida por el usuario. Caduca al finalizar la sesi\u00f3n.<\/li>\n<li><strong>_utmv:<\/strong>\u00a0cookie de Google Analytics. Esta cookie se utiliza para segmentar datos demogr\u00e1ficos. Caduca al finalizar la sesi\u00f3n.<\/li>\n<li><strong>_utmz:<\/strong>\u00a0cookie de Google Analytics que almacena la fuente de tr\u00e1fico o una campa\u00f1a para explicar c\u00f3mo el usuario lleg\u00f3 al sitio web. Caduca a los 6 meses desde la \u00faltima actualizaci\u00f3n.<\/li>\n<\/ul>\n<h2 class=\"wp-block-heading\">Revocaci\u00f3n del consentimiento para instalar cookies<\/h2>\n<p>El usuario puede retirar en cualquier momento el consentimiento prestado para la instalaci\u00f3n de cookies configurando su navegador o eliminando las cookies ya instaladas en su dispositivo.<\/p>\n<h2 class=\"wp-block-heading\">C\u00f3mo eliminar las cookies del navegador<\/h2>\n<h3 class=\"wp-block-heading\">Chrome<\/h3>\n<ol class=\"wp-block-list\">\n<li>Selecciona el icono de Herramientas.<\/li>\n<li>Haz clic en Configuraci\u00f3n.<\/li>\n<li>Haz clic en Mostrar opciones avanzadas.<\/li>\n<li>En la secci\u00f3n \u201cPrivacidad\u201d haz clic en Configuraci\u00f3n de contenido.<\/li>\n<li>Eliminar cookies: haz clic en \u201cTodas las cookies y los datos de sitios\u2026\u201d.<\/li>\n<li>No permitir que se almacenen cookies.<\/li>\n<li>Haz clic en Eliminar datos de navegaci\u00f3n (vaciar la cach\u00e9).<\/li>\n<li>Cierra y reinicia el navegador.<\/li>\n<\/ol>\n<p>Para m\u00e1s informaci\u00f3n sobre Chrome: http:\/\/support.google.com\/chrome\/answer\/95647?hl=es<\/p>\n<h3 class=\"wp-block-heading\">Internet Explorer. Versi\u00f3n 11<\/h3>\n<ol class=\"wp-block-list\">\n<li>Selecciona Herramientas | Opciones de Internet.<\/li>\n<li>Haz clic en la ficha General.<\/li>\n<li>En la secci\u00f3n \u201cHistorial de exploraci\u00f3n\u201d, haz clic en \u201cEliminar el historial de exploraci\u00f3n al salir\u201d.<\/li>\n<li>Selecciona Eliminar archivos.<\/li>\n<li>Selecciona Eliminar cookies.<\/li>\n<li>Haz clic en Eliminar.<\/li>\n<li>Haz clic en Aceptar.<\/li>\n<li>Cierra y reinicia el navegador.<\/li>\n<\/ol>\n<p>Para m\u00e1s informaci\u00f3n sobre Internet Explorer: http:\/\/windows.microsoft.com\/es-419\/windows7\/how-to-manage-cookies-in-internet-explorer-9<\/p>\n<h3 class=\"wp-block-heading\">Firefox. Versi\u00f3n 18<\/h3>\n<ol class=\"wp-block-list\">\n<li>Selecciona Firefox | Historial | Limpiar el historial reciente.<\/li>\n<li>Al lado de \u201cDetalles\u201d, haz clic en la flecha hacia abajo.<\/li>\n<li>Selecciona las siguientes casillas de verificaci\u00f3n: Cookies, Cach\u00e9, Inicios de sesi\u00f3n activos.<\/li>\n<li>Usando el \u201cIntervalo de tiempo para borrar\u201d en el men\u00fa desplegable, selecciona Todo.<\/li>\n<li>Haz clic en Borrar ahora.<\/li>\n<li>Cierra y reinicia el navegador.<\/li>\n<\/ol>\n<p>Puede aceptar o rechazar las cookies individualmente en las Preferencias de Firefox, en la secci\u00f3n Historial disponible en Herramientas &gt; Opciones &gt; Privacidad.<\/p>\n<p>Para m\u00e1s informaci\u00f3n sobre Mozilla Firefox: https:\/\/www.mozilla.org\/es-ES\/privacy\/websites\/#cookies<\/p>\n<h3 class=\"wp-block-heading\">Safari. Versi\u00f3n 5.1<\/h3>\n<ol class=\"wp-block-list\">\n<li>Selecciona el icono de Safari \/ Editar | Restaurar Safari.<\/li>\n<li>Selecciona las siguientes casillas de verificaci\u00f3n: Borrar el historial, Eliminar todos los datos de sitio web.<\/li>\n<li>Haz clic en Restablecer.<\/li>\n<li>Cierra y reinicia el navegador.<\/li>\n<\/ol>\n<p>Para m\u00e1s informaci\u00f3n sobre Safari: http:\/\/support.apple.com\/kb\/PH5042<\/p>\n<h3 class=\"wp-block-heading\">Opera<\/h3>\n<p>Opciones \u2013 Avanzado \u2013 Cookies.<\/p>\n<p>Las opciones de cookies controlan el modo en que Opera las maneja y, por lo tanto, su aceptaci\u00f3n o rechazo.<\/p>\n<p>Para m\u00e1s informaci\u00f3n sobre Opera: http:\/\/help.opera.com\/Linux\/10.60\/es-ES\/cookies.html<\/p>\n<h3 class=\"wp-block-heading\">Otros navegadores<\/h3>\n<p>Consulte la documentaci\u00f3n del navegador que tenga instalado.<\/p>\n<p><\/p>","protected":false},"excerpt":{"rendered":"<p>Informaci\u00f3n sobre cookies Debido a la entrada en vigor de la modificaci\u00f3n de la Ley de Servicios de la Sociedad de la Informaci\u00f3n (LSSICE) establecida por el Real Decreto 13\/2012, es obligatorio obtener el consentimiento expreso del usuario de todas las p\u00e1ginas web que usan cookies prescindibles, antes de que \u00e9ste navegue por ellas. \u00bfQu\u00e9 [&hellip;]<\/p>\n","protected":false},"author":1,"featured_media":0,"parent":0,"menu_order":15,"comment_status":"closed","ping_status":"closed","template":"template-legal.php","meta":{"_acf_changed":false,"inline_featured_image":false,"footnotes":""},"class_list":["post-56","page","type-page","status-publish","hentry"],"acf":[],"_links":{"self":[{"href":"https:\/\/servinetdelvalles.es\/es\/wp-json\/wp\/v2\/pages\/56","targetHints":{"allow":["GET"]}}],"collection":[{"href":"https:\/\/servinetdelvalles.es\/es\/wp-json\/wp\/v2\/pages"}],"about":[{"href":"https:\/\/servinetdelvalles.es\/es\/wp-json\/wp\/v2\/types\/page"}],"author":[{"embeddable":true,"href":"https:\/\/servinetdelvalles.es\/es\/wp-json\/wp\/v2\/users\/1"}],"replies":[{"embeddable":true,"href":"https:\/\/servinetdelvalles.es\/es\/wp-json\/wp\/v2\/comments?post=56"}],"version-history":[{"count":2,"href":"https:\/\/servinetdelvalles.es\/es\/wp-json\/wp\/v2\/pages\/56\/revisions"}],"predecessor-version":[{"id":300,"href":"https:\/\/servinetdelvalles.es\/es\/wp-json\/wp\/v2\/pages\/56\/revisions\/300"}],"wp:attachment":[{"href":"https:\/\/servinetdelvalles.es\/es\/wp-json\/wp\/v2\/media?parent=56"}],"curies":[{"name":"wp","href":"https:\/\/api.w.org\/{rel}","templated":true}]}}