{"id":7,"date":"2026-04-18T10:19:09","date_gmt":"2026-04-18T08:19:09","guid":{"rendered":"http:\/\/localhost\/servinet-wp\/inicio\/"},"modified":"2026-05-11T12:31:52","modified_gmt":"2026-05-11T10:31:52","slug":"inicio","status":"publish","type":"page","link":"https:\/\/servinetdelvalles.es\/es\/","title":{"rendered":"Inicio"},"content":{"rendered":"<p>Somos una empresa con una larga experiencia en la gesti\u00f3n de la limpieza de todo tipo de edificios industriales, locales comerciales, oficinas, centros educativos y parkings. Nuestra actividad se desarrolla en toda Catalu\u00f1a mediante un sistema de trabajo met\u00f3dico y programado que nos permite ofrecer niveles de limpieza \u00f3ptimos y de alta calidad.<\/p>\n<p>Con nuestro alto nivel de mecanizado, la utilizaci\u00f3n de materiales homologados y la formaci\u00f3n continua de nuestro personal optimizamos y adecuamos los recursos adapt\u00e1ndolos a las necesidades de cada cliente.<\/p>","protected":false},"excerpt":{"rendered":"<p>Somos una empresa con una larga experiencia en la gesti\u00f3n de la limpieza de todo tipo de edificios industriales, locales comerciales, oficinas, centros educativos y parkings. Nuestra actividad se desarrolla en toda Catalu\u00f1a mediante un sistema de trabajo met\u00f3dico y programado que nos permite ofrecer niveles de limpieza \u00f3ptimos y de alta calidad. Con nuestro [&hellip;]<\/p>\n","protected":false},"author":1,"featured_media":0,"parent":0,"menu_order":1,"comment_status":"closed","ping_status":"closed","template":"","meta":{"_acf_changed":false,"inline_featured_image":false,"footnotes":""},"class_list":["post-7","page","type-page","status-publish","hentry"],"acf":[],"_links":{"self":[{"href":"https:\/\/servinetdelvalles.es\/es\/wp-json\/wp\/v2\/pages\/7","targetHints":{"allow":["GET"]}}],"collection":[{"href":"https:\/\/servinetdelvalles.es\/es\/wp-json\/wp\/v2\/pages"}],"about":[{"href":"https:\/\/servinetdelvalles.es\/es\/wp-json\/wp\/v2\/types\/page"}],"author":[{"embeddable":true,"href":"https:\/\/servinetdelvalles.es\/es\/wp-json\/wp\/v2\/users\/1"}],"replies":[{"embeddable":true,"href":"https:\/\/servinetdelvalles.es\/es\/wp-json\/wp\/v2\/comments?post=7"}],"version-history":[{"count":6,"href":"https:\/\/servinetdelvalles.es\/es\/wp-json\/wp\/v2\/pages\/7\/revisions"}],"predecessor-version":[{"id":371,"href":"https:\/\/servinetdelvalles.es\/es\/wp-json\/wp\/v2\/pages\/7\/revisions\/371"}],"wp:attachment":[{"href":"https:\/\/servinetdelvalles.es\/es\/wp-json\/wp\/v2\/media?parent=7"}],"curies":[{"name":"wp","href":"https:\/\/api.w.org\/{rel}","templated":true}]}}