{"id":8,"date":"2026-04-18T10:19:09","date_gmt":"2026-04-18T08:19:09","guid":{"rendered":"http:\/\/localhost\/servinet-wp\/quienes-somos\/"},"modified":"2026-05-11T12:45:31","modified_gmt":"2026-05-11T10:45:31","slug":"quienes-somos","status":"publish","type":"page","link":"https:\/\/servinetdelvalles.es\/es\/quienes-somos\/","title":{"rendered":"Qui\u00e9nes somos"},"content":{"rendered":"<p>En Servinet del Vall\u00e9s S.L. creemos que la limpieza no es solo una cuesti\u00f3n de imagen, sino de bienestar, confianza y cuidado de los espacios donde las personas trabajan y conviven cada d\u00eda.<\/p>\r\n<p>Somos una empresa del Vall\u00e9s que apuesta por el trabajo bien hecho, el trato directo y la seriedad en cada servicio. Nos implicamos en cada proyecto como si fuera propio, adapt\u00e1ndonos a las necesidades reales de nuestros clientes y ofreciendo soluciones pr\u00e1cticas, eficaces y sin complicaciones.<\/p>\r\n<p>Nuestro equipo est\u00e1 formado por profesionales comprometidos, con experiencia y atenci\u00f3n al detalle, que trabajan con m\u00e9todos responsables y productos adecuados para garantizar resultados visibles y duraderos. En Servinet del Vall\u00e9s S.L. cumplimos lo que prometemos: puntualidad, limpieza impecable y un servicio en el que se puede confiar.<\/p>\r\n<p>Porque cuidar los espacios es cuidar a las personas.<\/p>","protected":false},"excerpt":{"rendered":"<p>En Servinet del Vall\u00e9s S.L. creemos que la limpieza no es solo una cuesti\u00f3n de imagen, sino de bienestar, confianza y cuidado de los espacios donde las personas trabajan y conviven cada d\u00eda. Somos una empresa del Vall\u00e9s que apuesta por el trabajo bien hecho, el trato directo y la seriedad en cada servicio. Nos [&hellip;]<\/p>\n","protected":false},"author":1,"featured_media":130,"parent":0,"menu_order":2,"comment_status":"closed","ping_status":"closed","template":"","meta":{"_acf_changed":false,"inline_featured_image":false,"footnotes":""},"class_list":["post-8","page","type-page","status-publish","has-post-thumbnail","hentry"],"acf":[],"_links":{"self":[{"href":"https:\/\/servinetdelvalles.es\/es\/wp-json\/wp\/v2\/pages\/8","targetHints":{"allow":["GET"]}}],"collection":[{"href":"https:\/\/servinetdelvalles.es\/es\/wp-json\/wp\/v2\/pages"}],"about":[{"href":"https:\/\/servinetdelvalles.es\/es\/wp-json\/wp\/v2\/types\/page"}],"author":[{"embeddable":true,"href":"https:\/\/servinetdelvalles.es\/es\/wp-json\/wp\/v2\/users\/1"}],"replies":[{"embeddable":true,"href":"https:\/\/servinetdelvalles.es\/es\/wp-json\/wp\/v2\/comments?post=8"}],"version-history":[{"count":10,"href":"https:\/\/servinetdelvalles.es\/es\/wp-json\/wp\/v2\/pages\/8\/revisions"}],"predecessor-version":[{"id":284,"href":"https:\/\/servinetdelvalles.es\/es\/wp-json\/wp\/v2\/pages\/8\/revisions\/284"}],"wp:featuredmedia":[{"embeddable":true,"href":"https:\/\/servinetdelvalles.es\/es\/wp-json\/wp\/v2\/media\/130"}],"wp:attachment":[{"href":"https:\/\/servinetdelvalles.es\/es\/wp-json\/wp\/v2\/media?parent=8"}],"curies":[{"name":"wp","href":"https:\/\/api.w.org\/{rel}","templated":true}]}}