{"id":9,"date":"2026-04-18T10:19:09","date_gmt":"2026-04-18T08:19:09","guid":{"rendered":"http:\/\/localhost\/servinet-wp\/metodologia\/"},"modified":"2026-04-21T21:23:23","modified_gmt":"2026-04-21T19:23:23","slug":"metodologia","status":"publish","type":"page","link":"https:\/\/servinetdelvalles.es\/es\/metodologia\/","title":{"rendered":"Metodolog\u00eda"},"content":{"rendered":"<p><\/p>\n<h2 class=\"wp-block-heading\">Nuestra metodolog\u00eda de trabajo<\/h2>\n<p>En Servinet del Vall\u00e9s S.L. seguimos una metodolog\u00eda clara y estructurada que nos permite ofrecer un servicio de limpieza eficaz, adaptado a las necesidades reales de cada cliente.<\/p>","protected":false},"excerpt":{"rendered":"<p>Nuestra metodolog\u00eda de trabajo En Servinet del Vall\u00e9s S.L. seguimos una metodolog\u00eda clara y estructurada que nos permite ofrecer un servicio de limpieza eficaz, adaptado a las necesidades reales de cada cliente.<\/p>\n","protected":false},"author":1,"featured_media":161,"parent":0,"menu_order":3,"comment_status":"closed","ping_status":"closed","template":"","meta":{"_acf_changed":false,"inline_featured_image":false,"footnotes":""},"class_list":["post-9","page","type-page","status-publish","has-post-thumbnail","hentry"],"acf":[],"_links":{"self":[{"href":"https:\/\/servinetdelvalles.es\/es\/wp-json\/wp\/v2\/pages\/9","targetHints":{"allow":["GET"]}}],"collection":[{"href":"https:\/\/servinetdelvalles.es\/es\/wp-json\/wp\/v2\/pages"}],"about":[{"href":"https:\/\/servinetdelvalles.es\/es\/wp-json\/wp\/v2\/types\/page"}],"author":[{"embeddable":true,"href":"https:\/\/servinetdelvalles.es\/es\/wp-json\/wp\/v2\/users\/1"}],"replies":[{"embeddable":true,"href":"https:\/\/servinetdelvalles.es\/es\/wp-json\/wp\/v2\/comments?post=9"}],"version-history":[{"count":7,"href":"https:\/\/servinetdelvalles.es\/es\/wp-json\/wp\/v2\/pages\/9\/revisions"}],"predecessor-version":[{"id":286,"href":"https:\/\/servinetdelvalles.es\/es\/wp-json\/wp\/v2\/pages\/9\/revisions\/286"}],"wp:featuredmedia":[{"embeddable":true,"href":"https:\/\/servinetdelvalles.es\/es\/wp-json\/wp\/v2\/media\/161"}],"wp:attachment":[{"href":"https:\/\/servinetdelvalles.es\/es\/wp-json\/wp\/v2\/media?parent=9"}],"curies":[{"name":"wp","href":"https:\/\/api.w.org\/{rel}","templated":true}]}}